{"id":118,"date":"2019-03-05T18:39:03","date_gmt":"2019-03-05T18:39:03","guid":{"rendered":"http:\/\/reikibykathrin.ch\/?page_id=118"},"modified":"2019-03-05T19:21:56","modified_gmt":"2019-03-05T19:21:56","slug":"ueber-reiki","status":"publish","type":"page","link":"https:\/\/reikibykathrin.ch\/?page_id=118","title":{"rendered":"\u00fcber reiki"},"content":{"rendered":"<p>[et_pb_section fb_built=&#8220;1&#8243; fullwidth=&#8220;on&#8220; _builder_version=&#8220;3.19.15&#8243; saved_tabs=&#8220;all&#8220;][et_pb_fullwidth_image src=&#8220;http:\/\/reikibykathrin.ch\/wp-content\/uploads\/2019\/03\/pexels-photo-1172618-e1551807769489.jpeg&#8220; _builder_version=&#8220;3.19.15&#8243;][\/et_pb_fullwidth_image][\/et_pb_section][et_pb_section fb_built=&#8220;1&#8243; _builder_version=&#8220;3.19.15&#8243; background_color=&#8220;rgba(74,158,206,0.52)&#8220; saved_tabs=&#8220;all&#8220;][et_pb_row _builder_version=&#8220;3.19.15&#8243;][et_pb_column type=&#8220;4_4&#8243; _builder_version=&#8220;3.19.15&#8243;][et_pb_text _builder_version=&#8220;3.19.15&#8243;]<\/p>\n<h3>\u00fcber reiki<\/h3>\n<p style=\"margin: 0px;\"><span lang=\"DE\">Reiki wurde vom Japaner Mikao Usui begr\u00fcndet. 1921 wurde die erste Reiki-Klinik in Tokio er\u00f6ffnet. Die Behandlung erfolgt durch Auflegen der H\u00e4nde. Dadurch fliesst Lebenskraft und positive Schwingung in deine inneren Organe. Somit k\u00f6nnen allf\u00e4llige Blockaden in deinem K\u00f6per und Chakras gel\u00f6st werden. Es passiert nur, was zu deinem Wohl und im jetzigen Moment f\u00fcr dich richtig ist. Auf diese Weise st\u00e4rkst du dein Wohlbefinden und deine Gesundheit und du kannst kraftvoll und freudig auf deinem Lebensweg schreiten. Lasse dein inneres Licht strahlen.<\/span><br \/><span lang=\"DE\" style=\"margin: 0px; color: #1d1e1f; font-family: 'Helvetica Neue';\"><\/span><\/p>\n<p style=\"margin: 0px;\"><span lang=\"DE\" style=\"margin: 0px; color: #1d1e1f; font-family: 'Helvetica Neue';\"><\/span><\/p>\n<p>[\/et_pb_text][\/et_pb_column][\/et_pb_row][\/et_pb_section]<\/p>\n","protected":false},"excerpt":{"rendered":"<p>\u00fcber reiki Reiki wurde vom Japaner Mikao Usui begr\u00fcndet. 1921 wurde die erste Reiki-Klinik in Tokio er\u00f6ffnet. Die Behandlung erfolgt durch Auflegen der H\u00e4nde. Dadurch fliesst Lebenskraft und positive Schwingung in deine inneren Organe. Somit k\u00f6nnen allf\u00e4llige Blockaden in deinem K\u00f6per und Chakras gel\u00f6st werden. Es passiert nur, was zu deinem Wohl und im jetzigen [&hellip;]<\/p>\n","protected":false},"author":1,"featured_media":0,"parent":0,"menu_order":0,"comment_status":"closed","ping_status":"closed","template":"","meta":{"_et_pb_use_builder":"on","_et_pb_old_content":"","_et_gb_content_width":"","footnotes":""},"class_list":["post-118","page","type-page","status-publish","hentry"],"_links":{"self":[{"href":"https:\/\/reikibykathrin.ch\/index.php?rest_route=\/wp\/v2\/pages\/118","targetHints":{"allow":["GET"]}}],"collection":[{"href":"https:\/\/reikibykathrin.ch\/index.php?rest_route=\/wp\/v2\/pages"}],"about":[{"href":"https:\/\/reikibykathrin.ch\/index.php?rest_route=\/wp\/v2\/types\/page"}],"author":[{"embeddable":true,"href":"https:\/\/reikibykathrin.ch\/index.php?rest_route=\/wp\/v2\/users\/1"}],"replies":[{"embeddable":true,"href":"https:\/\/reikibykathrin.ch\/index.php?rest_route=%2Fwp%2Fv2%2Fcomments&post=118"}],"version-history":[{"count":5,"href":"https:\/\/reikibykathrin.ch\/index.php?rest_route=\/wp\/v2\/pages\/118\/revisions"}],"predecessor-version":[{"id":163,"href":"https:\/\/reikibykathrin.ch\/index.php?rest_route=\/wp\/v2\/pages\/118\/revisions\/163"}],"wp:attachment":[{"href":"https:\/\/reikibykathrin.ch\/index.php?rest_route=%2Fwp%2Fv2%2Fmedia&parent=118"}],"curies":[{"name":"wp","href":"https:\/\/api.w.org\/{rel}","templated":true}]}}